{"id":1424,"date":"2023-01-17T11:23:25","date_gmt":"2023-01-17T11:23:25","guid":{"rendered":"https:\/\/monterosa.pt\/page-daccueil\/"},"modified":"2026-04-13T16:49:09","modified_gmt":"2026-04-13T16:49:09","slug":"page-daccueil","status":"publish","type":"page","link":"https:\/\/monterosa.pt\/fr\/","title":{"rendered":"Page d\u2019accueil"},"content":{"rendered":"\t\t<div data-elementor-type=\"wp-post\" data-elementor-id=\"1424\" class=\"elementor elementor-1424 elementor-8\" data-elementor-post-type=\"page\">\n\t\t\t\t\t\t<section class=\"elementor-section elementor-top-section elementor-element elementor-element-899610a elementor-section-height-min-height elementor-section-items-stretch elementor-section-boxed elementor-section-height-default\" data-id=\"899610a\" data-element_type=\"section\" data-settings=\"{&quot;background_background&quot;:&quot;classic&quot;}\">\n\t\t\t\t\t\t\t<div class=\"elementor-background-overlay\"><\/div>\n\t\t\t\t\t\t\t<div class=\"elementor-container elementor-column-gap-default\">\n\t\t\t\t\t<div class=\"elementor-column elementor-col-100 elementor-top-column elementor-element elementor-element-54083ce\" data-id=\"54083ce\" data-element_type=\"column\">\n\t\t\t<div class=\"elementor-widget-wrap elementor-element-populated\">\n\t\t\t\t\t\t<div class=\"elementor-element elementor-element-87499ed elementor-widget elementor-widget-heading\" data-id=\"87499ed\" data-element_type=\"widget\" data-widget_type=\"heading.default\">\n\t\t\t\t<div class=\"elementor-widget-container\">\n\t\t\t<style>\/*! elementor - v3.19.0 - 07-02-2024 *\/\n.elementor-heading-title{padding:0;margin:0;line-height:1}.elementor-widget-heading .elementor-heading-title[class*=elementor-size-]>a{color:inherit;font-size:inherit;line-height:inherit}.elementor-widget-heading .elementor-heading-title.elementor-size-small{font-size:15px}.elementor-widget-heading .elementor-heading-title.elementor-size-medium{font-size:19px}.elementor-widget-heading .elementor-heading-title.elementor-size-large{font-size:29px}.elementor-widget-heading .elementor-heading-title.elementor-size-xl{font-size:39px}.elementor-widget-heading .elementor-heading-title.elementor-size-xxl{font-size:59px}<\/style><h2 class=\"elementor-heading-title elementor-size-default\">BIENVENUE AUX INFIRMI\u00c8RES<\/h2>\t\t<\/div>\n\t\t\t\t<\/div>\n\t\t\t\t<div class=\"elementor-element elementor-element-30e9cff elementor-widget elementor-widget-image\" data-id=\"30e9cff\" data-element_type=\"widget\" data-widget_type=\"image.default\">\n\t\t\t\t<div class=\"elementor-widget-container\">\n\t\t\t<style>\/*! elementor - v3.19.0 - 07-02-2024 *\/\n.elementor-widget-image{text-align:center}.elementor-widget-image a{display:inline-block}.elementor-widget-image a img[src$=\".svg\"]{width:48px}.elementor-widget-image img{vertical-align:middle;display:inline-block}<\/style>\t\t\t\t\t\t\t\t\t\t<img decoding=\"async\" width=\"468\" height=\"101\" src=\"https:\/\/monterosa.pt\/wp-content\/uploads\/2023\/01\/1.png\" class=\"attachment-full size-full wp-image-16\" alt=\"\" srcset=\"https:\/\/monterosa.pt\/wp-content\/uploads\/2023\/01\/1.png 468w, https:\/\/monterosa.pt\/wp-content\/uploads\/2023\/01\/1-300x65.png 300w\" sizes=\"(max-width: 468px) 100vw, 468px\" \/>\t\t\t\t\t\t\t\t\t\t\t\t\t<\/div>\n\t\t\t\t<\/div>\n\t\t\t\t\t<\/div>\n\t\t<\/div>\n\t\t\t\t\t<\/div>\n\t\t<\/section>\n\t\t\t\t<section class=\"elementor-section elementor-top-section elementor-element elementor-element-8b951a0 elementor-section-boxed elementor-section-height-default elementor-section-height-default\" data-id=\"8b951a0\" data-element_type=\"section\">\n\t\t\t\t\t\t<div class=\"elementor-container elementor-column-gap-no\">\n\t\t\t\t\t<div class=\"elementor-column elementor-col-100 elementor-top-column elementor-element elementor-element-63d091a\" data-id=\"63d091a\" data-element_type=\"column\">\n\t\t\t<div class=\"elementor-widget-wrap elementor-element-populated\">\n\t\t\t\t\t\t<div class=\"elementor-element elementor-element-78f36a7 elementor-widget elementor-widget-text-editor\" data-id=\"78f36a7\" data-element_type=\"widget\" data-widget_type=\"text-editor.default\">\n\t\t\t\t<div class=\"elementor-widget-container\">\n\t\t\t<style>\/*! elementor - v3.19.0 - 07-02-2024 *\/\n.elementor-widget-text-editor.elementor-drop-cap-view-stacked .elementor-drop-cap{background-color:#69727d;color:#fff}.elementor-widget-text-editor.elementor-drop-cap-view-framed .elementor-drop-cap{color:#69727d;border:3px solid;background-color:transparent}.elementor-widget-text-editor:not(.elementor-drop-cap-view-default) .elementor-drop-cap{margin-top:8px}.elementor-widget-text-editor:not(.elementor-drop-cap-view-default) .elementor-drop-cap-letter{width:1em;height:1em}.elementor-widget-text-editor .elementor-drop-cap{float:left;text-align:center;line-height:1;font-size:50px}.elementor-widget-text-editor .elementor-drop-cap-letter{display:inline-block}<\/style>\t\t\t\t<p>La soci\u00e9t\u00e9 Viveiros Monterosa Lda. Produit, depuis 1972,\u00a0 des plantes ornementales de tr\u00e9s haute qualit\u00e9.\u00a0<\/p><p>Nos p\u00e9pini\u00e8res se trouvent au sud du Portugal, en Algarve, une r\u00e9gion qui jouit d\u2019un climat favorable \u00e0 la production de plantes adapt\u00e9es aux climat m\u00e9diterran\u00e9en.<\/p><p>Notre production se destine au march\u00e9 europ\u00e9en depuis le tout d\u00e9but de notre activit\u00e9. La gamme produite est ample et permet une offre pour le march\u00e9 au long de toute l\u2019ann\u00e9e.<\/p>\t\t\t\t\t\t<\/div>\n\t\t\t\t<\/div>\n\t\t\t\t\t<\/div>\n\t\t<\/div>\n\t\t\t\t\t<\/div>\n\t\t<\/section>\n\t\t\t\t<section class=\"elementor-section elementor-top-section elementor-element elementor-element-515cff7 elementor-section-full_width elementor-section-height-min-height elementor-section-height-default elementor-section-items-middle\" data-id=\"515cff7\" data-element_type=\"section\" data-settings=\"{&quot;background_background&quot;:&quot;classic&quot;}\">\n\t\t\t\t\t\t<div class=\"elementor-container elementor-column-gap-default\">\n\t\t\t\t\t<div class=\"elementor-column elementor-col-100 elementor-top-column elementor-element elementor-element-7b55595\" data-id=\"7b55595\" data-element_type=\"column\">\n\t\t\t<div class=\"elementor-widget-wrap\">\n\t\t\t\t\t\t\t<\/div>\n\t\t<\/div>\n\t\t\t\t\t<\/div>\n\t\t<\/section>\n\t\t\t\t<section class=\"elementor-section elementor-top-section elementor-element elementor-element-e4aaf5a elementor-section-boxed elementor-section-height-default elementor-section-height-default\" data-id=\"e4aaf5a\" data-element_type=\"section\">\n\t\t\t\t\t\t<div class=\"elementor-container elementor-column-gap-default\">\n\t\t\t\t\t<div class=\"elementor-column elementor-col-100 elementor-top-column elementor-element elementor-element-77e55e6\" data-id=\"77e55e6\" data-element_type=\"column\">\n\t\t\t<div class=\"elementor-widget-wrap elementor-element-populated\">\n\t\t\t\t\t\t<div class=\"elementor-element elementor-element-ee80281 elementor-widget elementor-widget-text-editor\" data-id=\"ee80281\" data-element_type=\"widget\" data-widget_type=\"text-editor.default\">\n\t\t\t\t<div class=\"elementor-widget-container\">\n\t\t\t\t\t\t\t<p>Certifications<\/p>\t\t\t\t\t\t<\/div>\n\t\t\t\t<\/div>\n\t\t\t\t<section class=\"elementor-section elementor-inner-section elementor-element elementor-element-7bf1063 elementor-section-boxed elementor-section-height-default elementor-section-height-default\" data-id=\"7bf1063\" data-element_type=\"section\">\n\t\t\t\t\t\t<div class=\"elementor-container elementor-column-gap-default\">\n\t\t\t\t\t<div class=\"elementor-column elementor-col-33 elementor-inner-column elementor-element elementor-element-65f621d\" data-id=\"65f621d\" data-element_type=\"column\">\n\t\t\t<div class=\"elementor-widget-wrap elementor-element-populated\">\n\t\t\t\t\t\t<div class=\"elementor-element elementor-element-112a9f1 elementor-widget elementor-widget-image\" data-id=\"112a9f1\" data-element_type=\"widget\" data-widget_type=\"image.default\">\n\t\t\t\t<div class=\"elementor-widget-container\">\n\t\t\t\t\t\t\t\t\t\t\t\t\t<img decoding=\"async\" width=\"120\" height=\"120\" src=\"https:\/\/monterosa.pt\/wp-content\/uploads\/2025\/10\/MPS-803062.png\" class=\"attachment-large size-large wp-image-2250\" alt=\"\" \/>\t\t\t\t\t\t\t\t\t\t\t\t\t<\/div>\n\t\t\t\t<\/div>\n\t\t\t\t\t<\/div>\n\t\t<\/div>\n\t\t\t\t<div class=\"elementor-column elementor-col-33 elementor-inner-column elementor-element elementor-element-9ce9e3c\" data-id=\"9ce9e3c\" data-element_type=\"column\">\n\t\t\t<div class=\"elementor-widget-wrap elementor-element-populated\">\n\t\t\t\t\t\t<div class=\"elementor-element elementor-element-44576b0 elementor-widget elementor-widget-image\" data-id=\"44576b0\" data-element_type=\"widget\" data-widget_type=\"image.default\">\n\t\t\t\t<div class=\"elementor-widget-container\">\n\t\t\t\t\t\t\t\t\t\t\t\t\t<img decoding=\"async\" width=\"150\" height=\"150\" src=\"https:\/\/monterosa.pt\/wp-content\/uploads\/2025\/10\/3-150x150-1.png\" class=\"attachment-full size-full wp-image-2247\" alt=\"\" \/>\t\t\t\t\t\t\t\t\t\t\t\t\t<\/div>\n\t\t\t\t<\/div>\n\t\t\t\t\t<\/div>\n\t\t<\/div>\n\t\t\t\t<div class=\"elementor-column elementor-col-33 elementor-inner-column elementor-element elementor-element-aac3190\" data-id=\"aac3190\" data-element_type=\"column\">\n\t\t\t<div class=\"elementor-widget-wrap elementor-element-populated\">\n\t\t\t\t\t\t<div class=\"elementor-element elementor-element-e667992 elementor-widget__width-initial elementor-widget elementor-widget-image\" data-id=\"e667992\" data-element_type=\"widget\" data-widget_type=\"image.default\">\n\t\t\t\t<div class=\"elementor-widget-container\">\n\t\t\t\t\t\t\t\t\t\t\t\t\t<img loading=\"lazy\" decoding=\"async\" width=\"390\" height=\"444\" src=\"https:\/\/monterosa.pt\/wp-content\/uploads\/2025\/10\/PME-lider-20.png\" class=\"attachment-large size-large wp-image-2240\" alt=\"\" srcset=\"https:\/\/monterosa.pt\/wp-content\/uploads\/2025\/10\/PME-lider-20.png 390w, https:\/\/monterosa.pt\/wp-content\/uploads\/2025\/10\/PME-lider-20-264x300.png 264w\" sizes=\"(max-width: 390px) 100vw, 390px\" \/>\t\t\t\t\t\t\t\t\t\t\t\t\t<\/div>\n\t\t\t\t<\/div>\n\t\t\t\t\t<\/div>\n\t\t<\/div>\n\t\t\t\t\t<\/div>\n\t\t<\/section>\n\t\t\t\t\t<\/div>\n\t\t<\/div>\n\t\t\t\t\t<\/div>\n\t\t<\/section>\n\t\t\t\t<section class=\"elementor-section elementor-top-section elementor-element elementor-element-855c1c7 elementor-section-full_width elementor-section-height-min-height elementor-section-height-default elementor-section-items-middle\" data-id=\"855c1c7\" data-element_type=\"section\" data-settings=\"{&quot;background_background&quot;:&quot;classic&quot;}\">\n\t\t\t\t\t\t<div class=\"elementor-container elementor-column-gap-default\">\n\t\t\t\t\t<div class=\"elementor-column elementor-col-100 elementor-top-column elementor-element elementor-element-b56af54\" data-id=\"b56af54\" data-element_type=\"column\">\n\t\t\t<div class=\"elementor-widget-wrap elementor-element-populated\">\n\t\t\t\t\t\t<div class=\"elementor-element elementor-element-167eece elementor-widget elementor-widget-image\" data-id=\"167eece\" data-element_type=\"widget\" data-widget_type=\"image.default\">\n\t\t\t\t<div class=\"elementor-widget-container\">\n\t\t\t\t\t\t\t\t\t\t\t\t\t<img loading=\"lazy\" decoding=\"async\" width=\"109\" height=\"87\" src=\"https:\/\/monterosa.pt\/wp-content\/uploads\/2023\/03\/Vector.png\" class=\"attachment-large size-large wp-image-504\" alt=\"\" \/>\t\t\t\t\t\t\t\t\t\t\t\t\t<\/div>\n\t\t\t\t<\/div>\n\t\t\t\t<div class=\"elementor-element elementor-element-a4bd9f1 elementor-widget elementor-widget-text-editor\" data-id=\"a4bd9f1\" data-element_type=\"widget\" data-widget_type=\"text-editor.default\">\n\t\t\t\t<div class=\"elementor-widget-container\">\n\t\t\t\t\t\t\t<p>Connaissez notre huile d&rsquo;olive!<\/p>\t\t\t\t\t\t<\/div>\n\t\t\t\t<\/div>\n\t\t\t\t<div class=\"elementor-element elementor-element-435f611 elementor-widget elementor-widget-text-editor\" data-id=\"435f611\" data-element_type=\"widget\" data-widget_type=\"text-editor.default\">\n\t\t\t\t<div class=\"elementor-widget-container\">\n\t\t\t\t\t\t\t<p><strong><a style=\"color: #FFFFFF;\" href=\"http:\/\/www.monterosa-oliveoil.com\" target=\"_blank\" rel=\"noopener\">www.monterosa-oliveoil.com<\/a><\/strong><\/p>\n\t\t\t\t\t\t<\/div>\n\t\t\t\t<\/div>\n\t\t\t\t\t<\/div>\n\t\t<\/div>\n\t\t\t\t\t<\/div>\n\t\t<\/section>\n\t\t\t\t<section class=\"elementor-section elementor-top-section elementor-element elementor-element-6e970bd elementor-section-boxed elementor-section-height-default elementor-section-height-default\" data-id=\"6e970bd\" data-element_type=\"section\">\n\t\t\t\t\t\t<div class=\"elementor-container elementor-column-gap-default\">\n\t\t\t\t\t<div class=\"elementor-column elementor-col-100 elementor-top-column elementor-element elementor-element-4c76614\" data-id=\"4c76614\" data-element_type=\"column\">\n\t\t\t<div class=\"elementor-widget-wrap elementor-element-populated\">\n\t\t\t\t\t\t<div class=\"elementor-element elementor-element-5a3738d elementor-widget elementor-widget-text-editor\" data-id=\"5a3738d\" data-element_type=\"widget\" data-widget_type=\"text-editor.default\">\n\t\t\t\t<div class=\"elementor-widget-container\">\n\t\t\t\t\t\t\t<p>Nous sommes soutenus par le Fonds europ\u00e9en agricole pour le d\u00e9veloppement rural (FEADER).<br \/><a style=\"color: #867f45;\" href=\"http:\/\/www.pdr-2020.pt\/O-PDR2020\/Arquitetura\/Area-2-Competitividade-e-Organizacao-da-Producao\/Medida-3-Valorizacao-da-Producao-Agricola\/Acao-3.2-Investimento-na-Exploracao-Agricola\/Operacao-3.2.1-Investimento-na-Exploracao-Agricola\" target=\"_blank\" rel=\"noopener\"><span style=\"text-decoration: underline;\">D\u00e9couvrez nos projets ici.(<\/span><\/a>PDR2020-3.2.1.-FEADER-057832)<\/p>\t\t\t\t\t\t<\/div>\n\t\t\t\t<\/div>\n\t\t\t\t\t<\/div>\n\t\t<\/div>\n\t\t\t\t\t<\/div>\n\t\t<\/section>\n\t\t\t\t<section class=\"elementor-section elementor-top-section elementor-element elementor-element-efb8621 elementor-section-boxed elementor-section-height-default elementor-section-height-default\" data-id=\"efb8621\" data-element_type=\"section\">\n\t\t\t\t\t\t<div class=\"elementor-container elementor-column-gap-default\">\n\t\t\t\t\t<div class=\"elementor-column elementor-col-100 elementor-top-column elementor-element elementor-element-47bd162\" data-id=\"47bd162\" data-element_type=\"column\">\n\t\t\t<div class=\"elementor-widget-wrap elementor-element-populated\">\n\t\t\t\t\t\t<div class=\"elementor-element elementor-element-4adc4e1 elementor-widget elementor-widget-image\" data-id=\"4adc4e1\" data-element_type=\"widget\" data-widget_type=\"image.default\">\n\t\t\t\t<div class=\"elementor-widget-container\">\n\t\t\t\t\t\t\t\t\t\t\t\t\t<img loading=\"lazy\" decoding=\"async\" width=\"308\" height=\"69\" src=\"https:\/\/monterosa.pt\/wp-content\/uploads\/2026\/04\/pdr2020_logo.png\" class=\"attachment-large size-large wp-image-2312\" alt=\"\" srcset=\"https:\/\/monterosa.pt\/wp-content\/uploads\/2026\/04\/pdr2020_logo.png 308w, https:\/\/monterosa.pt\/wp-content\/uploads\/2026\/04\/pdr2020_logo-300x67.png 300w\" sizes=\"(max-width: 308px) 100vw, 308px\" \/>\t\t\t\t\t\t\t\t\t\t\t\t\t<\/div>\n\t\t\t\t<\/div>\n\t\t\t\t\t<\/div>\n\t\t<\/div>\n\t\t\t\t\t<\/div>\n\t\t<\/section>\n\t\t\t\t<section class=\"elementor-section elementor-top-section elementor-element elementor-element-52c86d7 elementor-section-boxed elementor-section-height-default elementor-section-height-default\" data-id=\"52c86d7\" data-element_type=\"section\">\n\t\t\t\t\t\t<div class=\"elementor-container elementor-column-gap-default\">\n\t\t\t\t\t<div class=\"elementor-column elementor-col-100 elementor-top-column elementor-element elementor-element-175b401\" data-id=\"175b401\" data-element_type=\"column\">\n\t\t\t<div class=\"elementor-widget-wrap elementor-element-populated\">\n\t\t\t\t\t\t<div class=\"elementor-element elementor-element-241df09 elementor-widget elementor-widget-image\" data-id=\"241df09\" data-element_type=\"widget\" data-widget_type=\"image.default\">\n\t\t\t\t<div class=\"elementor-widget-container\">\n\t\t\t\t\t\t\t\t\t\t\t\t\t<img loading=\"lazy\" decoding=\"async\" width=\"300\" height=\"55\" src=\"https:\/\/monterosa.pt\/wp-content\/uploads\/2026\/04\/pt2020-1-1-300x55.png\" class=\"attachment-medium size-medium wp-image-2315\" alt=\"\" srcset=\"https:\/\/monterosa.pt\/wp-content\/uploads\/2026\/04\/pt2020-1-1-300x55.png 300w, https:\/\/monterosa.pt\/wp-content\/uploads\/2026\/04\/pt2020-1-1-1024x187.png 1024w, https:\/\/monterosa.pt\/wp-content\/uploads\/2026\/04\/pt2020-1-1-768x141.png 768w, https:\/\/monterosa.pt\/wp-content\/uploads\/2026\/04\/pt2020-1-1-1536x281.png 1536w, https:\/\/monterosa.pt\/wp-content\/uploads\/2026\/04\/pt2020-1-1.png 2005w\" sizes=\"(max-width: 300px) 100vw, 300px\" \/>\t\t\t\t\t\t\t\t\t\t\t\t\t<\/div>\n\t\t\t\t<\/div>\n\t\t\t\t\t<\/div>\n\t\t<\/div>\n\t\t\t\t\t<\/div>\n\t\t<\/section>\n\t\t\t\t<\/div>\n\t\t","protected":false},"excerpt":{"rendered":"<p>BIENVENUE AUX INFIRMI\u00c8RES La soci\u00e9t\u00e9 Viveiros Monterosa Lda. Produit, depuis 1972,\u00a0 des plantes ornementales de tr\u00e9s haute qualit\u00e9.\u00a0 Nos p\u00e9pini\u00e8res se trouvent au sud du Portugal, en Algarve, une r\u00e9gion qui jouit d\u2019un climat favorable \u00e0 la production de plantes adapt\u00e9es aux climat m\u00e9diterran\u00e9en. Notre production se destine au march\u00e9 europ\u00e9en depuis le tout d\u00e9but &#8230; <a title=\"Page d\u2019accueil\" class=\"read-more\" href=\"https:\/\/monterosa.pt\/fr\/\" aria-label=\"En savoir plus sur Page d\u2019accueil\">Lire la suite<\/a><\/p>\n","protected":false},"author":42,"featured_media":0,"parent":0,"menu_order":0,"comment_status":"closed","ping_status":"closed","template":"elementor_header_footer","meta":{"footnotes":""},"class_list":["post-1424","page","type-page","status-publish"],"_links":{"self":[{"href":"https:\/\/monterosa.pt\/fr\/wp-json\/wp\/v2\/pages\/1424","targetHints":{"allow":["GET"]}}],"collection":[{"href":"https:\/\/monterosa.pt\/fr\/wp-json\/wp\/v2\/pages"}],"about":[{"href":"https:\/\/monterosa.pt\/fr\/wp-json\/wp\/v2\/types\/page"}],"author":[{"embeddable":true,"href":"https:\/\/monterosa.pt\/fr\/wp-json\/wp\/v2\/users\/42"}],"replies":[{"embeddable":true,"href":"https:\/\/monterosa.pt\/fr\/wp-json\/wp\/v2\/comments?post=1424"}],"version-history":[{"count":26,"href":"https:\/\/monterosa.pt\/fr\/wp-json\/wp\/v2\/pages\/1424\/revisions"}],"predecessor-version":[{"id":2326,"href":"https:\/\/monterosa.pt\/fr\/wp-json\/wp\/v2\/pages\/1424\/revisions\/2326"}],"wp:attachment":[{"href":"https:\/\/monterosa.pt\/fr\/wp-json\/wp\/v2\/media?parent=1424"}],"curies":[{"name":"wp","href":"https:\/\/api.w.org\/{rel}","templated":true}]}}