{"id":1431,"date":"2023-01-27T14:17:48","date_gmt":"2023-01-27T14:17:48","guid":{"rendered":"https:\/\/monterosa.pt\/qui-sommes-nous\/"},"modified":"2023-11-23T12:58:56","modified_gmt":"2023-11-23T12:58:56","slug":"qui-sommes-nous","status":"publish","type":"page","link":"https:\/\/monterosa.pt\/fr\/qui-sommes-nous\/","title":{"rendered":"Qui sommes-nous"},"content":{"rendered":"\t\t<div data-elementor-type=\"wp-page\" data-elementor-id=\"1431\" class=\"elementor elementor-1431 elementor-70\" data-elementor-post-type=\"page\">\n\t\t\t\t\t\t<section class=\"elementor-section elementor-top-section elementor-element elementor-element-5779635 elementor-section-height-min-height elementor-section-boxed elementor-section-height-default elementor-section-items-middle\" data-id=\"5779635\" data-element_type=\"section\" data-settings=\"{&quot;background_background&quot;:&quot;classic&quot;}\">\n\t\t\t\t\t\t<div class=\"elementor-container elementor-column-gap-default\">\n\t\t\t\t\t<div class=\"elementor-column elementor-col-100 elementor-top-column elementor-element elementor-element-59096ad\" data-id=\"59096ad\" data-element_type=\"column\">\n\t\t\t<div class=\"elementor-widget-wrap elementor-element-populated\">\n\t\t\t\t\t\t<div class=\"elementor-element elementor-element-1e3b7cd elementor-widget elementor-widget-heading\" data-id=\"1e3b7cd\" data-element_type=\"widget\" data-widget_type=\"heading.default\">\n\t\t\t\t<div class=\"elementor-widget-container\">\n\t\t\t<style>\/*! elementor - v3.19.0 - 07-02-2024 *\/\n.elementor-heading-title{padding:0;margin:0;line-height:1}.elementor-widget-heading .elementor-heading-title[class*=elementor-size-]>a{color:inherit;font-size:inherit;line-height:inherit}.elementor-widget-heading .elementor-heading-title.elementor-size-small{font-size:15px}.elementor-widget-heading .elementor-heading-title.elementor-size-medium{font-size:19px}.elementor-widget-heading .elementor-heading-title.elementor-size-large{font-size:29px}.elementor-widget-heading .elementor-heading-title.elementor-size-xl{font-size:39px}.elementor-widget-heading .elementor-heading-title.elementor-size-xxl{font-size:59px}<\/style><h2 class=\"elementor-heading-title elementor-size-default\">SOUR NOUS<\/h2>\t\t<\/div>\n\t\t\t\t<\/div>\n\t\t\t\t\t<\/div>\n\t\t<\/div>\n\t\t\t\t\t<\/div>\n\t\t<\/section>\n\t\t\t\t<section class=\"elementor-section elementor-top-section elementor-element elementor-element-49f65e7 elementor-section-boxed elementor-section-height-default elementor-section-height-default\" data-id=\"49f65e7\" data-element_type=\"section\">\n\t\t\t\t\t\t<div class=\"elementor-container elementor-column-gap-default\">\n\t\t\t\t\t<div class=\"elementor-column elementor-col-100 elementor-top-column elementor-element elementor-element-f5f68b2\" data-id=\"f5f68b2\" data-element_type=\"column\">\n\t\t\t<div class=\"elementor-widget-wrap elementor-element-populated\">\n\t\t\t\t\t\t<div class=\"elementor-element elementor-element-6cccd7d elementor-pagination-position-inside elementor-arrows-position-inside elementor-widget elementor-widget-image-carousel\" data-id=\"6cccd7d\" data-element_type=\"widget\" data-settings=\"{&quot;slides_to_show&quot;:&quot;1&quot;,&quot;pause_on_hover&quot;:&quot;no&quot;,&quot;pause_on_interaction&quot;:&quot;no&quot;,&quot;autoplay_speed&quot;:4000,&quot;navigation&quot;:&quot;both&quot;,&quot;autoplay&quot;:&quot;yes&quot;,&quot;infinite&quot;:&quot;yes&quot;,&quot;effect&quot;:&quot;slide&quot;,&quot;speed&quot;:500}\" data-widget_type=\"image-carousel.default\">\n\t\t\t\t<div class=\"elementor-widget-container\">\n\t\t\t<style>\/*! elementor - v3.19.0 - 07-02-2024 *\/\n.elementor-widget-image-carousel .swiper,.elementor-widget-image-carousel .swiper-container{position:static}.elementor-widget-image-carousel .swiper-container .swiper-slide figure,.elementor-widget-image-carousel .swiper .swiper-slide figure{line-height:inherit}.elementor-widget-image-carousel .swiper-slide{text-align:center}.elementor-image-carousel-wrapper:not(.swiper-container-initialized):not(.swiper-initialized) .swiper-slide{max-width:calc(100% \/ var(--e-image-carousel-slides-to-show, 3))}<\/style>\t\t<div class=\"elementor-image-carousel-wrapper swiper-container\" dir=\"ltr\">\n\t\t\t<div class=\"elementor-image-carousel swiper-wrapper\" aria-live=\"off\">\n\t\t\t\t\t\t\t\t<div class=\"swiper-slide\" role=\"group\" aria-roledescription=\"slide\" aria-label=\"1 sur 4\"><figure class=\"swiper-slide-inner\"><img decoding=\"async\" class=\"swiper-slide-image\" src=\"https:\/\/monterosa.pt\/wp-content\/uploads\/2023\/02\/1-1.jpg\" alt=\"1\" \/><\/figure><\/div><div class=\"swiper-slide\" role=\"group\" aria-roledescription=\"slide\" aria-label=\"2 sur 4\"><figure class=\"swiper-slide-inner\"><img decoding=\"async\" class=\"swiper-slide-image\" src=\"https:\/\/monterosa.pt\/wp-content\/uploads\/2023\/02\/2-1.jpg\" alt=\"2\" \/><\/figure><\/div><div class=\"swiper-slide\" role=\"group\" aria-roledescription=\"slide\" aria-label=\"3 sur 4\"><figure class=\"swiper-slide-inner\"><img decoding=\"async\" class=\"swiper-slide-image\" src=\"https:\/\/monterosa.pt\/wp-content\/uploads\/2023\/02\/3-1.jpg\" alt=\"3\" \/><\/figure><\/div><div class=\"swiper-slide\" role=\"group\" aria-roledescription=\"slide\" aria-label=\"4 sur 4\"><figure class=\"swiper-slide-inner\"><img decoding=\"async\" class=\"swiper-slide-image\" src=\"https:\/\/monterosa.pt\/wp-content\/uploads\/2023\/02\/4.jpg\" alt=\"4\" \/><\/figure><\/div>\t\t\t<\/div>\n\t\t\t\t\t\t\t\t\t\t\t\t<div class=\"elementor-swiper-button elementor-swiper-button-prev\" role=\"button\" tabindex=\"0\">\n\t\t\t\t\t\t<i aria-hidden=\"true\" class=\"eicon-chevron-left\"><\/i>\t\t\t\t\t<\/div>\n\t\t\t\t\t<div class=\"elementor-swiper-button elementor-swiper-button-next\" role=\"button\" tabindex=\"0\">\n\t\t\t\t\t\t<i aria-hidden=\"true\" class=\"eicon-chevron-right\"><\/i>\t\t\t\t\t<\/div>\n\t\t\t\t\n\t\t\t\t\t\t\t\t\t<div class=\"swiper-pagination\"><\/div>\n\t\t\t\t\t\t\t\t\t<\/div>\n\t\t\t\t<\/div>\n\t\t\t\t<\/div>\n\t\t\t\t<section class=\"elementor-section elementor-inner-section elementor-element elementor-element-e927d8f elementor-section-boxed elementor-section-height-default elementor-section-height-default\" data-id=\"e927d8f\" data-element_type=\"section\">\n\t\t\t\t\t\t<div class=\"elementor-container elementor-column-gap-default\">\n\t\t\t\t\t<div class=\"elementor-column elementor-col-100 elementor-inner-column elementor-element elementor-element-3ca76aa\" data-id=\"3ca76aa\" data-element_type=\"column\">\n\t\t\t<div class=\"elementor-widget-wrap elementor-element-populated\">\n\t\t\t\t\t\t<div class=\"elementor-element elementor-element-738bcb1 elementor-widget elementor-widget-heading\" data-id=\"738bcb1\" data-element_type=\"widget\" data-widget_type=\"heading.default\">\n\t\t\t\t<div class=\"elementor-widget-container\">\n\t\t\t<h2 class=\"elementor-heading-title elementor-size-default\">ZONES DE PRODUCTION<\/h2>\t\t<\/div>\n\t\t\t\t<\/div>\n\t\t\t\t<div class=\"elementor-element elementor-element-ca9b065 elementor-widget elementor-widget-text-editor\" data-id=\"ca9b065\" data-element_type=\"widget\" data-widget_type=\"text-editor.default\">\n\t\t\t\t<div class=\"elementor-widget-container\">\n\t\t\t<style>\/*! elementor - v3.19.0 - 07-02-2024 *\/\n.elementor-widget-text-editor.elementor-drop-cap-view-stacked .elementor-drop-cap{background-color:#69727d;color:#fff}.elementor-widget-text-editor.elementor-drop-cap-view-framed .elementor-drop-cap{color:#69727d;border:3px solid;background-color:transparent}.elementor-widget-text-editor:not(.elementor-drop-cap-view-default) .elementor-drop-cap{margin-top:8px}.elementor-widget-text-editor:not(.elementor-drop-cap-view-default) .elementor-drop-cap-letter{width:1em;height:1em}.elementor-widget-text-editor .elementor-drop-cap{float:left;text-align:center;line-height:1;font-size:50px}.elementor-widget-text-editor .elementor-drop-cap-letter{display:inline-block}<\/style>\t\t\t\t<p>Nos zones de production sont divis\u00e9es en cinq p\u00e9pini\u00e8res, dont quatre sont situ\u00e9es dans la r\u00e9gion de Moncarapacho et la cinqui\u00e9me dans le nord du Portugal, \u00e0 Perosinho.<\/p><p>Nous avons au total 40ha d\u00e9di\u00e9s \u00e0 la production de plantes en diff\u00e9rentes structures, comme: serres chaudes et froides, structures d\u2019ombre et espaces ext\u00e9rieurs. \u00a0<\/p><p>Notre \u00e9quipe compte 170 collaborateurs, dans dif\u00e9rents secteurs de l\u2019entreprise (production, administration, comercial et distribution).<\/p>\t\t\t\t\t\t<\/div>\n\t\t\t\t<\/div>\n\t\t\t\t\t<\/div>\n\t\t<\/div>\n\t\t\t\t\t<\/div>\n\t\t<\/section>\n\t\t\t\t\t<\/div>\n\t\t<\/div>\n\t\t\t\t\t<\/div>\n\t\t<\/section>\n\t\t\t\t<section class=\"elementor-section elementor-top-section elementor-element elementor-element-a625174 elementor-section-boxed elementor-section-height-default elementor-section-height-default\" data-id=\"a625174\" data-element_type=\"section\">\n\t\t\t\t\t\t<div class=\"elementor-container elementor-column-gap-default\">\n\t\t\t\t\t<div class=\"elementor-column elementor-col-100 elementor-top-column elementor-element elementor-element-67da7c9\" data-id=\"67da7c9\" data-element_type=\"column\">\n\t\t\t<div class=\"elementor-widget-wrap elementor-element-populated\">\n\t\t\t\t\t\t<div class=\"elementor-element elementor-element-5f2866b elementor-widget elementor-widget-heading\" data-id=\"5f2866b\" data-element_type=\"widget\" data-widget_type=\"heading.default\">\n\t\t\t\t<div class=\"elementor-widget-container\">\n\t\t\t<h2 class=\"elementor-heading-title elementor-size-default\">HISTOIRE<\/h2>\t\t<\/div>\n\t\t\t\t<\/div>\n\t\t\t\t<section class=\"elementor-section elementor-inner-section elementor-element elementor-element-cd8c776 elementor-section-boxed elementor-section-height-default elementor-section-height-default\" data-id=\"cd8c776\" data-element_type=\"section\">\n\t\t\t\t\t\t<div class=\"elementor-container elementor-column-gap-default\">\n\t\t\t\t\t<div class=\"elementor-column elementor-col-50 elementor-inner-column elementor-element elementor-element-9357398\" data-id=\"9357398\" data-element_type=\"column\">\n\t\t\t<div class=\"elementor-widget-wrap elementor-element-populated\">\n\t\t\t\t\t\t<div class=\"elementor-element elementor-element-94c6470 elementor-widget elementor-widget-image\" data-id=\"94c6470\" data-element_type=\"widget\" data-widget_type=\"image.default\">\n\t\t\t\t<div class=\"elementor-widget-container\">\n\t\t\t<style>\/*! elementor - v3.19.0 - 07-02-2024 *\/\n.elementor-widget-image{text-align:center}.elementor-widget-image a{display:inline-block}.elementor-widget-image a img[src$=\".svg\"]{width:48px}.elementor-widget-image img{vertical-align:middle;display:inline-block}<\/style>\t\t\t\t\t\t\t\t\t\t<img fetchpriority=\"high\" decoding=\"async\" width=\"555\" height=\"375\" src=\"https:\/\/monterosa.pt\/wp-content\/uploads\/2023\/01\/e62e9df42ea68ebc7abac7c62b4a234a_mobile_slider.jpg.png\" class=\"attachment-large size-large wp-image-85\" alt=\"\" srcset=\"https:\/\/monterosa.pt\/wp-content\/uploads\/2023\/01\/e62e9df42ea68ebc7abac7c62b4a234a_mobile_slider.jpg.png 555w, https:\/\/monterosa.pt\/wp-content\/uploads\/2023\/01\/e62e9df42ea68ebc7abac7c62b4a234a_mobile_slider.jpg-300x203.png 300w\" sizes=\"(max-width: 555px) 100vw, 555px\" \/>\t\t\t\t\t\t\t\t\t\t\t\t\t<\/div>\n\t\t\t\t<\/div>\n\t\t\t\t\t<\/div>\n\t\t<\/div>\n\t\t\t\t<div class=\"elementor-column elementor-col-50 elementor-inner-column elementor-element elementor-element-593ce89\" data-id=\"593ce89\" data-element_type=\"column\">\n\t\t\t<div class=\"elementor-widget-wrap elementor-element-populated\">\n\t\t\t\t\t\t<div class=\"elementor-element elementor-element-b9cfd48 elementor-widget elementor-widget-text-editor\" data-id=\"b9cfd48\" data-element_type=\"widget\" data-widget_type=\"text-editor.default\">\n\t\t\t\t<div class=\"elementor-widget-container\">\n\t\t\t\t\t\t\t<p>En 1969 trois citoyens su\u00e9dois on d\u00e9cid\u00e9 de se consacr\u00e9s \u00e0 la production de l\u00e9gumes au sud du Portugal, ayant comme objectif l\u2019exportation de produits frais vers le nord de l\u2019Europe. Le lider du project \u00e9tait Detlev Von Rosen (ou: Le project \u00e9tait dirig\u00e9 par Detlev Von Rosen).<\/p><p>Apr\u00e9s quelques essais sans succ\u00e9s, en 1972 nous nous sommes consacr\u00e9s \u00e0 la production de plantes ornementales et c\u2019est alors que la soci\u00e9t\u00e9 Viveiros Monterosa Lda \u00e9merge. Depuis lors, install\u00e9s \u00e0 Moncarapacho &#8211; Olh\u00e3o, nous nous d\u00e9veloppons en surface, gamme et sur le march\u00e9, toujours sous la devise \u201cproduction de plantes ornementales de haute qualit\u00e9\u201d.<\/p><p>Au fil du temps nous avons impl\u00e9ment\u00e9 des changements dans la gamme et en 1994, nous avons fait l&rsquo;approche de la culture des plantes de fleurs m\u00e9diterran\u00e9ennes, un segment de notre gamme que nous conservons jusqu&rsquo;\u00e0 aujourd&rsquo;hui. Apr\u00e8s l\u2019ann\u00e9e 2000 nous avons d\u00e9velopp\u00e9 les segments de Succulentes et Herbes Aromatiques qui avec les Gramin\u00e9es sont actuellement d&rsquo;une grande importance dans l&rsquo;assortiment.<\/p>\t\t\t\t\t\t<\/div>\n\t\t\t\t<\/div>\n\t\t\t\t\t<\/div>\n\t\t<\/div>\n\t\t\t\t\t<\/div>\n\t\t<\/section>\n\t\t\t\t<section class=\"elementor-section elementor-inner-section elementor-element elementor-element-44e6553 elementor-section-boxed elementor-section-height-default elementor-section-height-default\" data-id=\"44e6553\" data-element_type=\"section\">\n\t\t\t\t\t\t<div class=\"elementor-container elementor-column-gap-default\">\n\t\t\t\t\t<div class=\"elementor-column elementor-col-50 elementor-inner-column elementor-element elementor-element-a584986\" data-id=\"a584986\" data-element_type=\"column\">\n\t\t\t<div class=\"elementor-widget-wrap elementor-element-populated\">\n\t\t\t\t\t\t<div class=\"elementor-element elementor-element-239d6b1 elementor-widget elementor-widget-text-editor\" data-id=\"239d6b1\" data-element_type=\"widget\" data-widget_type=\"text-editor.default\">\n\t\t\t\t<div class=\"elementor-widget-container\">\n\t\t\t\t\t\t\t<p>Les Viveiros Monterosa sont maintenant g\u00e9r\u00e9s par deux des partenaires; Eduardo Martins et Jos\u00e9 Damaso, qui avec une \u00e9quipe solide et exp\u00e9riment\u00e9e \u00a0maintient le niveau de production de qualit\u00e9 tout en respectent l&rsquo;environnement et la communaut\u00e9 dans laquelle ils sont ins\u00e9r\u00e9s.<\/p><p>Tout en pensant \u00e0 l&rsquo;avenir, nous continuons \u00e0 la recherche de plantes adapt\u00e9es \u00e0 notre climat, consid\u00e9rant que le jardin de demain devrait avoir moins de besoins en eau, moins d&rsquo;entretien et plus d&rsquo;int\u00e9gration dans le paysage naturel.<\/p>\t\t\t\t\t\t<\/div>\n\t\t\t\t<\/div>\n\t\t\t\t\t<\/div>\n\t\t<\/div>\n\t\t\t\t<div class=\"elementor-column elementor-col-50 elementor-inner-column elementor-element elementor-element-7c365c7\" data-id=\"7c365c7\" data-element_type=\"column\">\n\t\t\t<div class=\"elementor-widget-wrap elementor-element-populated\">\n\t\t\t\t\t\t<div class=\"elementor-element elementor-element-b33871a elementor-widget elementor-widget-image\" data-id=\"b33871a\" data-element_type=\"widget\" data-widget_type=\"image.default\">\n\t\t\t\t<div class=\"elementor-widget-container\">\n\t\t\t\t\t\t\t\t\t\t\t\t\t<img decoding=\"async\" width=\"555\" height=\"399\" src=\"https:\/\/monterosa.pt\/wp-content\/uploads\/2023\/01\/8ce36a8544a380264d8f7a7c396da31e_mobile_slider.jpg.png\" class=\"attachment-large size-large wp-image-86\" alt=\"\" srcset=\"https:\/\/monterosa.pt\/wp-content\/uploads\/2023\/01\/8ce36a8544a380264d8f7a7c396da31e_mobile_slider.jpg.png 555w, https:\/\/monterosa.pt\/wp-content\/uploads\/2023\/01\/8ce36a8544a380264d8f7a7c396da31e_mobile_slider.jpg-300x216.png 300w\" sizes=\"(max-width: 555px) 100vw, 555px\" \/>\t\t\t\t\t\t\t\t\t\t\t\t\t<\/div>\n\t\t\t\t<\/div>\n\t\t\t\t\t<\/div>\n\t\t<\/div>\n\t\t\t\t\t<\/div>\n\t\t<\/section>\n\t\t\t\t\t<\/div>\n\t\t<\/div>\n\t\t\t\t\t<\/div>\n\t\t<\/section>\n\t\t\t\t<\/div>\n\t\t","protected":false},"excerpt":{"rendered":"<p>SOUR NOUS ZONES DE PRODUCTION Nos zones de production sont divis\u00e9es en cinq p\u00e9pini\u00e8res, dont quatre sont situ\u00e9es dans la r\u00e9gion de Moncarapacho et la cinqui\u00e9me dans le nord du Portugal, \u00e0 Perosinho. Nous avons au total 40ha d\u00e9di\u00e9s \u00e0 la production de plantes en diff\u00e9rentes structures, comme: serres chaudes et froides, structures d\u2019ombre et &#8230; <a title=\"Qui sommes-nous\" class=\"read-more\" href=\"https:\/\/monterosa.pt\/fr\/qui-sommes-nous\/\" aria-label=\"En savoir plus sur Qui sommes-nous\">Lire la suite<\/a><\/p>\n","protected":false},"author":42,"featured_media":0,"parent":0,"menu_order":0,"comment_status":"closed","ping_status":"closed","template":"elementor_header_footer","meta":{"footnotes":""},"class_list":["post-1431","page","type-page","status-publish"],"_links":{"self":[{"href":"https:\/\/monterosa.pt\/fr\/wp-json\/wp\/v2\/pages\/1431","targetHints":{"allow":["GET"]}}],"collection":[{"href":"https:\/\/monterosa.pt\/fr\/wp-json\/wp\/v2\/pages"}],"about":[{"href":"https:\/\/monterosa.pt\/fr\/wp-json\/wp\/v2\/types\/page"}],"author":[{"embeddable":true,"href":"https:\/\/monterosa.pt\/fr\/wp-json\/wp\/v2\/users\/42"}],"replies":[{"embeddable":true,"href":"https:\/\/monterosa.pt\/fr\/wp-json\/wp\/v2\/comments?post=1431"}],"version-history":[{"count":11,"href":"https:\/\/monterosa.pt\/fr\/wp-json\/wp\/v2\/pages\/1431\/revisions"}],"predecessor-version":[{"id":1857,"href":"https:\/\/monterosa.pt\/fr\/wp-json\/wp\/v2\/pages\/1431\/revisions\/1857"}],"wp:attachment":[{"href":"https:\/\/monterosa.pt\/fr\/wp-json\/wp\/v2\/media?parent=1431"}],"curies":[{"name":"wp","href":"https:\/\/api.w.org\/{rel}","templated":true}]}}