{"id":1486,"date":"2023-02-09T23:06:47","date_gmt":"2023-02-09T23:06:47","guid":{"rendered":"https:\/\/monterosa.pt\/politica-de-privacidade\/"},"modified":"2023-11-22T02:51:36","modified_gmt":"2023-11-22T02:51:36","slug":"politica-de-privacidade","status":"publish","type":"page","link":"https:\/\/monterosa.pt\/fr\/politica-de-privacidade\/","title":{"rendered":"Politica de privacidade"},"content":{"rendered":"\t\t<div data-elementor-type=\"wp-page\" data-elementor-id=\"1486\" class=\"elementor elementor-1486 elementor-266\" data-elementor-post-type=\"page\">\n\t\t\t\t\t\t<section class=\"elementor-section elementor-top-section elementor-element elementor-element-b4590d1 elementor-section-height-min-height elementor-section-boxed elementor-section-height-default elementor-section-items-middle\" data-id=\"b4590d1\" data-element_type=\"section\" data-settings=\"{&quot;background_background&quot;:&quot;classic&quot;}\">\n\t\t\t\t\t\t<div class=\"elementor-container elementor-column-gap-default\">\n\t\t\t\t\t<div class=\"elementor-column elementor-col-100 elementor-top-column elementor-element elementor-element-9ee1314\" data-id=\"9ee1314\" data-element_type=\"column\">\n\t\t\t<div class=\"elementor-widget-wrap elementor-element-populated\">\n\t\t\t\t\t\t<div class=\"elementor-element elementor-element-608200a elementor-widget elementor-widget-heading\" data-id=\"608200a\" data-element_type=\"widget\" data-widget_type=\"heading.default\">\n\t\t\t\t<div class=\"elementor-widget-container\">\n\t\t\t<style>\/*! elementor - v3.19.0 - 07-02-2024 *\/\n.elementor-heading-title{padding:0;margin:0;line-height:1}.elementor-widget-heading .elementor-heading-title[class*=elementor-size-]>a{color:inherit;font-size:inherit;line-height:inherit}.elementor-widget-heading .elementor-heading-title.elementor-size-small{font-size:15px}.elementor-widget-heading .elementor-heading-title.elementor-size-medium{font-size:19px}.elementor-widget-heading .elementor-heading-title.elementor-size-large{font-size:29px}.elementor-widget-heading .elementor-heading-title.elementor-size-xl{font-size:39px}.elementor-widget-heading .elementor-heading-title.elementor-size-xxl{font-size:59px}<\/style><h2 class=\"elementor-heading-title elementor-size-default\">politique de confidentialit\u00e9<\/h2>\t\t<\/div>\n\t\t\t\t<\/div>\n\t\t\t\t\t<\/div>\n\t\t<\/div>\n\t\t\t\t\t<\/div>\n\t\t<\/section>\n\t\t\t\t<section class=\"elementor-section elementor-top-section elementor-element elementor-element-628b20d elementor-section-boxed elementor-section-height-default elementor-section-height-default\" data-id=\"628b20d\" data-element_type=\"section\">\n\t\t\t\t\t\t<div class=\"elementor-container elementor-column-gap-default\">\n\t\t\t\t\t<div class=\"elementor-column elementor-col-100 elementor-top-column elementor-element elementor-element-048f34a\" data-id=\"048f34a\" data-element_type=\"column\">\n\t\t\t<div class=\"elementor-widget-wrap elementor-element-populated\">\n\t\t\t\t\t\t<div class=\"elementor-element elementor-element-37d35b9 elementor-widget elementor-widget-text-editor\" data-id=\"37d35b9\" data-element_type=\"widget\" data-widget_type=\"text-editor.default\">\n\t\t\t\t<div class=\"elementor-widget-container\">\n\t\t\t<style>\/*! elementor - v3.19.0 - 07-02-2024 *\/\n.elementor-widget-text-editor.elementor-drop-cap-view-stacked .elementor-drop-cap{background-color:#69727d;color:#fff}.elementor-widget-text-editor.elementor-drop-cap-view-framed .elementor-drop-cap{color:#69727d;border:3px solid;background-color:transparent}.elementor-widget-text-editor:not(.elementor-drop-cap-view-default) .elementor-drop-cap{margin-top:8px}.elementor-widget-text-editor:not(.elementor-drop-cap-view-default) .elementor-drop-cap-letter{width:1em;height:1em}.elementor-widget-text-editor .elementor-drop-cap{float:left;text-align:center;line-height:1;font-size:50px}.elementor-widget-text-editor .elementor-drop-cap-letter{display:inline-block}<\/style>\t\t\t\t<p style=\"text-align: center;\"><strong>POLITIQUE DE PROTECTION DES DONN\u00c9ES ET DE CONFIDENTIALIT\u00c9<\/strong><\/p><p>Viveiros Monterosa, Lda (ci-apr\u00e8s \u00ab <strong>Viveiros Monterosa<\/strong> \u00bb), \u200b\u200bdans l&rsquo;ex\u00e9cution de ses activit\u00e9s, dans le cadre du site Internet <a>www.monterosa.pt<\/a>, traite des donn\u00e9es personnelles. , c&rsquo;est-\u00e0-dire toutes les informations relatives \u00e0 une personne physique identifi\u00e9e ou identifiable (ci-apr\u00e8s \u00ab <strong>Titulaire(s) des donn\u00e9es<\/strong> \u00bb), s&rsquo;agissant d&rsquo;une personne physique identifiable pouvant \u00eatre identifi\u00e9e, directement ou indirectement, dans notamment par r\u00e9f\u00e9rence \u00e0 un identifiant, tel qu&rsquo;un nom, un num\u00e9ro d&rsquo;identification, des donn\u00e9es de localisation, des identifiants \u00e9lectroniques ou \u00e0 un ou plusieurs \u00e9l\u00e9ments propres \u00e0 l&rsquo;identit\u00e9 physique, physiologique, g\u00e9n\u00e9tique, psychique, \u00e9conomique, culturelle ou sociale de cette personne singuli\u00e8re.<\/p><p>Viveiros Monterosa, dans les cas o\u00f9 elle d\u00e9termine les finalit\u00e9s et les moyens du traitement des donn\u00e9es personnelles dans le cadre de ses activit\u00e9s, sera consid\u00e9r\u00e9e comme responsable du traitement, garantissant le simple respect de la l\u00e9gislation sur la protection des donn\u00e9es.<\/p><p>Conform\u00e9ment \u00e0 la l\u00e9gislation susmentionn\u00e9e, Viveiros Monterosa s&rsquo;efforce de traiter les donn\u00e9es personnelles conform\u00e9ment \u00e0 tous les principes applicables, \u00e0 savoir\u00a0: i) le principe de lic\u00e9it\u00e9, de loyaut\u00e9 et de transparence\u00a0; ii) principe de limitation des objectifs\u00a0; iii) Principe de minimisation des donn\u00e9es\u00a0; iv) principe d&rsquo;exactitude\u00a0; v) Principe de conservation\u00a0; vi) et, Principe d&rsquo;int\u00e9grit\u00e9 et de confidentialit\u00e9.<\/p><p>En totale harmonie avec les principes d\u00e9crits, Viveiros Monterosa respecte pleinement les droits en mati\u00e8re de protection des donn\u00e9es personnelles des titulaires de donn\u00e9es respectifs. Les Titulaires des donn\u00e9es peuvent contacter Viveiros Monterosa pour obtenir toute information relative au traitement des donn\u00e9es personnelles, en utilisant \u00e0 cet effet les coordonn\u00e9es fournies au point 8.<\/p><p>\u00c0 la lumi\u00e8re de ce qui pr\u00e9c\u00e8de, la pr\u00e9sente Politique de protection des donn\u00e9es et de confidentialit\u00e9 est \u00e9tablie conform\u00e9ment au R\u00e8glement (UE) 2016\/679 du Parlement europ\u00e9en et du Conseil du 27 avril 2016 et aux autres l\u00e9gislations connexes applicables (\u00ab L\u00e9gislation sur la protection des donn\u00e9es \u00bb), Viveiros Monterosa s&rsquo;engage \u00e0 effectuer tous les traitements de donn\u00e9es conform\u00e9ment aux dispositions et selon les termes des points suivants :<\/p><p>1. Fondements de la lic\u00e9it\u00e9 et finalit\u00e9s du traitement des donn\u00e9es<\/p><p>Les donn\u00e9es personnelles des titulaires de donn\u00e9es seront trait\u00e9es par Viveiros Monterosa sur la base juridique suivante\u00a0:<\/p><p><strong>Les Fondamentaux de la L\u00e9galit\u00e9 \/ En quoi consistent-ils ?<\/strong><\/p><p><u>Consentement<\/u> &#8211; Viveiros Monterosa peut traiter des donn\u00e9es personnelles si le titulaire des donn\u00e9es consent au traitement respectif par une expression de volont\u00e9 libre, sp\u00e9cifique, inform\u00e9e et explicite, par laquelle il accepte, au moyen d&rsquo;une d\u00e9claration ( par \u00e9crit ou oralement) ou un acte positif sans \u00e9quivoque (en remplissant une option), que vos Donn\u00e9es Personnelles feront l&rsquo;objet d&rsquo;un Traitement.<\/p><p><u>Mesures pr\u00e9contractuelles ou ex\u00e9cution d&rsquo;un contrat<\/u> &#8211; Viveiros Monterosa peut traiter des donn\u00e9es personnelles si elles sont n\u00e9cessaires, sans limitation, \u00e0 l&rsquo;ex\u00e9cution d&rsquo;un contrat de prestation de services et\/ou \u00e0 la fourniture de produits auxquels vous \u00eates une partie en tant qu&#8217;employ\u00e9, client et\/ou fournisseur, ou pour mettre en \u0153uvre des mesures pr\u00e9contractuelles \u00e0 votre demande.<\/p><p><u>Conformit\u00e9 \u00e0 une obligation l\u00e9gale<\/u> &#8211; Viveiros Monterosa peut traiter des Donn\u00e9es Personnelles pour assurer et garantir le respect des obligations l\u00e9gales auxquelles elle est soumise en vertu de la l\u00e9gislation d&rsquo;un \u00c9tat membre et\/ou de l&rsquo;Union europ\u00e9enne.<\/p><p><u>D\u00e9fense des int\u00e9r\u00eats vitaux du Titulaire des donn\u00e9es<\/u> &#8211; Viveiros Monterosa peut traiter des Donn\u00e9es personnelles pour assurer la d\u00e9fense de vos int\u00e9r\u00eats vitaux, notamment lorsque ce m\u00eame Traitement est essentiel \u00e0 votre vie.<\/p><p><u>Int\u00e9r\u00eats l\u00e9gitimes<\/u> &#8211; Viveiros Monterosa, d&rsquo;autres responsables ou des tiers peuvent traiter des donn\u00e9es personnelles tant que ce traitement ne pr\u00e9vaut pas sur vos int\u00e9r\u00eats ou vos droits et libert\u00e9s fondamentaux.<\/p><p>Compte tenu de ce qui pr\u00e9c\u00e8de, la collecte de donn\u00e9es personnelles sur la base des motifs juridiques expos\u00e9s sera essentiellement destin\u00e9e \u00e0 des fins li\u00e9es au d\u00e9veloppement de l&rsquo;objet social de Viveiros Monterosa et, \u00e9galement, \u00e0 l&rsquo;ex\u00e9cution de ses contrats et obligations l\u00e9gales, par cons\u00e9quent le d\u00e9faut de collecte les donn\u00e9es personnelles entra\u00eeneront l\u2019impossibilit\u00e9 de r\u00e9aliser les finalit\u00e9s pour lesquelles les donn\u00e9es personnelles sont trait\u00e9es.<\/p><p><strong>2. Traitement des donn\u00e9es personnelles dans le cadre du site Web<\/strong><\/p><p>Dans le cadre du Site Web, Viveiros Monterosa traite les donn\u00e9es personnelles du Titulaire des donn\u00e9es de la mani\u00e8re suivante\u00a0:<\/p><p><strong>Donn\u00e9es personnelles \/ Finalit\u00e9 \/ Base juridique \/ Dur\u00e9e de conservation\u00a0:<\/strong><\/p><p>Adresse IP \/ Gestion du Site \/ Mesures pr\u00e9contractuelles ou Ex\u00e9cution du Contrat dont les modalit\u00e9s sont r\u00e9gies par les Conditions G\u00e9n\u00e9rales disponibles sur le Site \/ Pour une dur\u00e9e maximale de 1 (un) an.<\/p><p>Donn\u00e9es personnelles<\/p>\t\t\t\t\t\t<\/div>\n\t\t\t\t<\/div>\n\t\t\t\t\t<\/div>\n\t\t<\/div>\n\t\t\t\t\t<\/div>\n\t\t<\/section>\n\t\t\t\t<\/div>\n\t\t","protected":false},"excerpt":{"rendered":"<p>politique de confidentialit\u00e9 POLITIQUE DE PROTECTION DES DONN\u00c9ES ET DE CONFIDENTIALIT\u00c9 Viveiros Monterosa, Lda (ci-apr\u00e8s \u00ab Viveiros Monterosa \u00bb), \u200b\u200bdans l&rsquo;ex\u00e9cution de ses activit\u00e9s, dans le cadre du site Internet www.monterosa.pt, traite des donn\u00e9es personnelles. , c&rsquo;est-\u00e0-dire toutes les informations relatives \u00e0 une personne physique identifi\u00e9e ou identifiable (ci-apr\u00e8s \u00ab Titulaire(s) des donn\u00e9es \u00bb), s&rsquo;agissant &#8230; <a title=\"Politica de privacidade\" class=\"read-more\" href=\"https:\/\/monterosa.pt\/fr\/politica-de-privacidade\/\" aria-label=\"En savoir plus sur Politica de privacidade\">Lire la suite<\/a><\/p>\n","protected":false},"author":42,"featured_media":0,"parent":0,"menu_order":0,"comment_status":"closed","ping_status":"closed","template":"elementor_header_footer","meta":{"footnotes":""},"class_list":["post-1486","page","type-page","status-publish"],"_links":{"self":[{"href":"https:\/\/monterosa.pt\/fr\/wp-json\/wp\/v2\/pages\/1486","targetHints":{"allow":["GET"]}}],"collection":[{"href":"https:\/\/monterosa.pt\/fr\/wp-json\/wp\/v2\/pages"}],"about":[{"href":"https:\/\/monterosa.pt\/fr\/wp-json\/wp\/v2\/types\/page"}],"author":[{"embeddable":true,"href":"https:\/\/monterosa.pt\/fr\/wp-json\/wp\/v2\/users\/42"}],"replies":[{"embeddable":true,"href":"https:\/\/monterosa.pt\/fr\/wp-json\/wp\/v2\/comments?post=1486"}],"version-history":[{"count":5,"href":"https:\/\/monterosa.pt\/fr\/wp-json\/wp\/v2\/pages\/1486\/revisions"}],"predecessor-version":[{"id":1491,"href":"https:\/\/monterosa.pt\/fr\/wp-json\/wp\/v2\/pages\/1486\/revisions\/1491"}],"wp:attachment":[{"href":"https:\/\/monterosa.pt\/fr\/wp-json\/wp\/v2\/media?parent=1486"}],"curies":[{"name":"wp","href":"https:\/\/api.w.org\/{rel}","templated":true}]}}