{"id":1495,"date":"2023-02-09T22:53:25","date_gmt":"2023-02-09T22:53:25","guid":{"rendered":"https:\/\/monterosa.pt\/termos-e-condicoes\/"},"modified":"2023-11-22T02:56:59","modified_gmt":"2023-11-22T02:56:59","slug":"termos-e-condicoes","status":"publish","type":"page","link":"https:\/\/monterosa.pt\/fr\/termos-e-condicoes\/","title":{"rendered":"Termos e Condi\u00e7\u00f5es"},"content":{"rendered":"\t\t<div data-elementor-type=\"wp-page\" data-elementor-id=\"1495\" class=\"elementor elementor-1495 elementor-251\" data-elementor-post-type=\"page\">\n\t\t\t\t\t\t<section class=\"elementor-section elementor-top-section elementor-element elementor-element-b4590d1 elementor-section-height-min-height elementor-section-boxed elementor-section-height-default elementor-section-items-middle\" data-id=\"b4590d1\" data-element_type=\"section\" data-settings=\"{&quot;background_background&quot;:&quot;classic&quot;}\">\n\t\t\t\t\t\t<div class=\"elementor-container elementor-column-gap-default\">\n\t\t\t\t\t<div class=\"elementor-column elementor-col-100 elementor-top-column elementor-element elementor-element-9ee1314\" data-id=\"9ee1314\" data-element_type=\"column\">\n\t\t\t<div class=\"elementor-widget-wrap elementor-element-populated\">\n\t\t\t\t\t\t<div class=\"elementor-element elementor-element-608200a elementor-widget elementor-widget-heading\" data-id=\"608200a\" data-element_type=\"widget\" data-widget_type=\"heading.default\">\n\t\t\t\t<div class=\"elementor-widget-container\">\n\t\t\t<style>\/*! elementor - v3.19.0 - 07-02-2024 *\/\n.elementor-heading-title{padding:0;margin:0;line-height:1}.elementor-widget-heading .elementor-heading-title[class*=elementor-size-]>a{color:inherit;font-size:inherit;line-height:inherit}.elementor-widget-heading .elementor-heading-title.elementor-size-small{font-size:15px}.elementor-widget-heading .elementor-heading-title.elementor-size-medium{font-size:19px}.elementor-widget-heading .elementor-heading-title.elementor-size-large{font-size:29px}.elementor-widget-heading .elementor-heading-title.elementor-size-xl{font-size:39px}.elementor-widget-heading .elementor-heading-title.elementor-size-xxl{font-size:59px}<\/style><h2 class=\"elementor-heading-title elementor-size-default\">Conditions G\u00e9n\u00e9rales<\/h2>\t\t<\/div>\n\t\t\t\t<\/div>\n\t\t\t\t\t<\/div>\n\t\t<\/div>\n\t\t\t\t\t<\/div>\n\t\t<\/section>\n\t\t\t\t<section class=\"elementor-section elementor-top-section elementor-element elementor-element-628b20d elementor-section-boxed elementor-section-height-default elementor-section-height-default\" data-id=\"628b20d\" data-element_type=\"section\">\n\t\t\t\t\t\t<div class=\"elementor-container elementor-column-gap-default\">\n\t\t\t\t\t<div class=\"elementor-column elementor-col-100 elementor-top-column elementor-element elementor-element-048f34a\" data-id=\"048f34a\" data-element_type=\"column\">\n\t\t\t<div class=\"elementor-widget-wrap elementor-element-populated\">\n\t\t\t\t\t\t<div class=\"elementor-element elementor-element-37d35b9 elementor-widget elementor-widget-text-editor\" data-id=\"37d35b9\" data-element_type=\"widget\" data-widget_type=\"text-editor.default\">\n\t\t\t\t<div class=\"elementor-widget-container\">\n\t\t\t<style>\/*! elementor - v3.19.0 - 07-02-2024 *\/\n.elementor-widget-text-editor.elementor-drop-cap-view-stacked .elementor-drop-cap{background-color:#69727d;color:#fff}.elementor-widget-text-editor.elementor-drop-cap-view-framed .elementor-drop-cap{color:#69727d;border:3px solid;background-color:transparent}.elementor-widget-text-editor:not(.elementor-drop-cap-view-default) .elementor-drop-cap{margin-top:8px}.elementor-widget-text-editor:not(.elementor-drop-cap-view-default) .elementor-drop-cap-letter{width:1em;height:1em}.elementor-widget-text-editor .elementor-drop-cap{float:left;text-align:center;line-height:1;font-size:50px}.elementor-widget-text-editor .elementor-drop-cap-letter{display:inline-block}<\/style>\t\t\t\t<p><strong>Informations g\u00e9n\u00e9rales<\/strong><\/p><p>L&rsquo;Utilisateur doit lire attentivement les pr\u00e9sentes Conditions G\u00e9n\u00e9rales qui r\u00e9gissent l&rsquo;acc\u00e8s et l&rsquo;utilisation du site Web <a>www.monterosa.pt<\/a> ainsi que de tous ses sous-domaines (ci-apr\u00e8s \u00ab <strong>Site Web<\/strong> \u00bb), exploit\u00e9 par la soci\u00e9t\u00e9 Viveiros Monterosa, Lda, dont le si\u00e8ge est \u00e0 Cabe\u00e7a-Moncarapacho, Moncarapacho et Fuseta, 8700-Olh\u00e3o, personne morale portant le num\u00e9ro 500640793 qui est \u00e9galement son num\u00e9ro d&rsquo;enregistrement au Conservatoire d&rsquo;Olh\u00e3o (ci-apr\u00e8s \u00ab <strong>Viveiros Monterosa&lt;\/strong &gt; \u00bb).<\/strong><\/p><p>L&rsquo;utilisation de ce site Web sera r\u00e9gie par les pr\u00e9sentes Conditions G\u00e9n\u00e9rales, son utilisation impliquant son acceptation par l&rsquo;Utilisateur. Si l&rsquo;Utilisateur refuse les pr\u00e9sentes Conditions G\u00e9n\u00e9rales, il doit imm\u00e9diatement cesser de les utiliser.<\/p><p>Viveiros Monterosa peut modifier ou mettre \u00e0 jour sans pr\u00e9avis, en tout ou en partie, les pr\u00e9sentes conditions g\u00e9n\u00e9rales, ainsi que la politique de protection des donn\u00e9es et de confidentialit\u00e9, toute modification ou mise \u00e0 jour entrant en vigueur d\u00e8s sa publication dans la section correspondante de le site Web. . Il est conseill\u00e9 aux utilisateurs de consulter r\u00e9guli\u00e8rement les sections Conditions g\u00e9n\u00e9rales et Protection des donn\u00e9es et Politique de confidentialit\u00e9 pour v\u00e9rifier les versions les plus r\u00e9centes.<\/p><p>L&rsquo;acc\u00e8s et l&rsquo;utilisation du Site Web sont pr\u00e9vus exclusivement pour un usage personnel, pour acc\u00e9der aux services fournis par Viveiros Monterosa ou obtenir des informations les concernant, et n&rsquo;est donc li\u00e9 \u00e0 aucune activit\u00e9 commerciale, commerciale ou professionnelle de l&rsquo;Utilisateur.<\/p><p>Viveiros Monterosa se r\u00e9serve le droit d&rsquo;\u00e9valuer, \u00e0 sa discr\u00e9tion, le respect par l&rsquo;utilisateur des pr\u00e9sentes conditions g\u00e9n\u00e9rales. La violation des Conditions G\u00e9n\u00e9rales peut entra\u00eener le retrait de l&rsquo;autorisation d&rsquo;utilisation accord\u00e9e par Viveiros Monterosa, dans les conditions \u00e9nonc\u00e9es dans les pr\u00e9sentes, ainsi que l&rsquo;exercice de vos droits dans la mesure maximale permise par la loi.<\/p><p>L&rsquo;Utilisateur s&rsquo;engage \u00e0 indemniser et \u00e0 exon\u00e9rer Viveiros Monterosa, ainsi que ses repr\u00e9sentants l\u00e9gaux, partenaires et collaborateurs, de tout dommage, responsabilit\u00e9, r\u00e9clamation ou demande d&rsquo;indemnisation, y compris les d\u00e9penses et frais de repr\u00e9sentation, demand\u00e9s par des tiers \u00e0 la suite de l&rsquo;utilisation de le Site Internet dans des conditions non conformes aux pr\u00e9sentes Conditions G\u00e9n\u00e9rales, et\/ou en raison de la violation des conditions qui y sont \u00e9nonc\u00e9es, et\/ou r\u00e9sultant du non-respect des d\u00e9clarations et garanties contenues dans les pr\u00e9sentes Conditions G\u00e9n\u00e9rales.<\/p><p><strong>Autorisation d&rsquo;utilisation<\/strong><\/p><p>Sans pr\u00e9judice des autres clauses des pr\u00e9sentes Conditions G\u00e9n\u00e9rales, Viveiros Monterosa autorise tout Utilisateur \u00e0 utiliser ce Site Web uniquement \u00e0 des fins personnelles ou informatives, comme pr\u00e9vu dans les pr\u00e9sentes Conditions G\u00e9n\u00e9rales. L&rsquo;autorisation d&rsquo;utilisation peut \u00eatre r\u00e9voqu\u00e9e par Viveiros Monterosa \u00e0 sa discr\u00e9tion et \u00e0 tout moment. Conform\u00e9ment \u00e0 la loi et aux pr\u00e9sentes Conditions G\u00e9n\u00e9rales, l&rsquo;Utilisateur ne peut pas copier, utiliser, transf\u00e9rer, louer, sous-licencier, alt\u00e9rer, adapter, tenter de modifier ou alt\u00e9rer le code source, effectuer des op\u00e9rations d&rsquo;ing\u00e9nierie inverse, d\u00e9compiler ou d\u00e9sassembler, en tout ou en partie. , le contenu du Site Internet. En acc\u00e9dant au Site Internet, l&rsquo;Utilisateur reconna\u00eet et accepte que son contenu puisse \u00eatre incomplet, inexact, non mis \u00e0 jour ou ne pas r\u00e9pondre \u00e0 ses besoins et exigences.<\/p><p>Contenu et limitation de responsabilit\u00e9<\/p><p>L&rsquo;acc\u00e8s et l&rsquo;utilisation du Site constituent des activit\u00e9s r\u00e9alis\u00e9es par l&rsquo;Utilisateur.<\/p><p>L&rsquo;Utilisateur est seul et exclusivement responsable de l&rsquo;utilisation du Site Internet et de son contenu. Viveiros Monterosa n&rsquo;est pas responsable et n&rsquo;assume aucune responsabilit\u00e9 pour l&rsquo;utilisation du Site Web dans des conditions non conformes aux dispositions l\u00e9gales en vigueur par l&rsquo;Utilisateur.<\/p><p>Concr\u00e8tement, l&rsquo;Utilisateur est seul responsable de la communication d&rsquo;informations ou de donn\u00e9es incorrectes, fausses ou provenant de tiers sans son consentement, ainsi que de leur utilisation incorrecte.<\/p><p>Le contenu du site Web peut contenir des inexactitudes ou des fautes de frappe. Viveiros Monterosa n&rsquo;est pas responsable, et ne sera pas responsable, par quelque moyen ou m\u00e9thode que ce soit, des inexactitudes et des erreurs, de tout dommage caus\u00e9 ou r\u00e9sultant de l&rsquo;utilisation des informations d\u00e9riv\u00e9es du site Web ou via le site Web par l&rsquo;utilisateur. L&rsquo;Utilisateur est seul et exclusivement responsable de l&rsquo;\u00e9valuation des informations et du contenu obtenus via le Site Web.<\/p><p>Le site Web ainsi que toutes les informations et contenus qui y sont publi\u00e9s peuvent \u00eatre modifi\u00e9s par Viveiros Monterosa \u00e0 tout moment, p\u00e9riodiquement et\/ou sans pr\u00e9avis.<\/p><p>Consid\u00e9rant que tout contenu pouvant \u00eatre t\u00e9l\u00e9charg\u00e9 ou autrement obtenu r\u00e9sulte de la libre d\u00e9cision de l&rsquo;Utilisateur et est r\u00e9alis\u00e9 \u00e0 ses propres risques, toute responsabilit\u00e9 pour dommages caus\u00e9s aux ordinateurs ou \u00e0 tout autre appareil \u00e9lectronique ou perte de donn\u00e9es r\u00e9sultant des op\u00e9rations de t\u00e9l\u00e9chargement effectu\u00e9es par l&rsquo;Utilisateur, sera de et<\/p>\t\t\t\t\t\t<\/div>\n\t\t\t\t<\/div>\n\t\t\t\t\t<\/div>\n\t\t<\/div>\n\t\t\t\t\t<\/div>\n\t\t<\/section>\n\t\t\t\t<\/div>\n\t\t","protected":false},"excerpt":{"rendered":"<p>Conditions G\u00e9n\u00e9rales Informations g\u00e9n\u00e9rales L&rsquo;Utilisateur doit lire attentivement les pr\u00e9sentes Conditions G\u00e9n\u00e9rales qui r\u00e9gissent l&rsquo;acc\u00e8s et l&rsquo;utilisation du site Web www.monterosa.pt ainsi que de tous ses sous-domaines (ci-apr\u00e8s \u00ab Site Web \u00bb), exploit\u00e9 par la soci\u00e9t\u00e9 Viveiros Monterosa, Lda, dont le si\u00e8ge est \u00e0 Cabe\u00e7a-Moncarapacho, Moncarapacho et Fuseta, 8700-Olh\u00e3o, personne morale portant le num\u00e9ro 500640793 &#8230; <a title=\"Termos e Condi\u00e7\u00f5es\" class=\"read-more\" href=\"https:\/\/monterosa.pt\/fr\/termos-e-condicoes\/\" aria-label=\"En savoir plus sur Termos e Condi\u00e7\u00f5es\">Lire la suite<\/a><\/p>\n","protected":false},"author":42,"featured_media":0,"parent":0,"menu_order":0,"comment_status":"closed","ping_status":"closed","template":"elementor_header_footer","meta":{"footnotes":""},"class_list":["post-1495","page","type-page","status-publish"],"_links":{"self":[{"href":"https:\/\/monterosa.pt\/fr\/wp-json\/wp\/v2\/pages\/1495","targetHints":{"allow":["GET"]}}],"collection":[{"href":"https:\/\/monterosa.pt\/fr\/wp-json\/wp\/v2\/pages"}],"about":[{"href":"https:\/\/monterosa.pt\/fr\/wp-json\/wp\/v2\/types\/page"}],"author":[{"embeddable":true,"href":"https:\/\/monterosa.pt\/fr\/wp-json\/wp\/v2\/users\/42"}],"replies":[{"embeddable":true,"href":"https:\/\/monterosa.pt\/fr\/wp-json\/wp\/v2\/comments?post=1495"}],"version-history":[{"count":5,"href":"https:\/\/monterosa.pt\/fr\/wp-json\/wp\/v2\/pages\/1495\/revisions"}],"predecessor-version":[{"id":1503,"href":"https:\/\/monterosa.pt\/fr\/wp-json\/wp\/v2\/pages\/1495\/revisions\/1503"}],"wp:attachment":[{"href":"https:\/\/monterosa.pt\/fr\/wp-json\/wp\/v2\/media?parent=1495"}],"curies":[{"name":"wp","href":"https:\/\/api.w.org\/{rel}","templated":true}]}}