{"id":1507,"date":"2023-02-09T23:15:15","date_gmt":"2023-02-09T23:15:15","guid":{"rendered":"https:\/\/monterosa.pt\/politica-de-cookies\/"},"modified":"2023-11-22T03:02:25","modified_gmt":"2023-11-22T03:02:25","slug":"politica-de-cookies","status":"publish","type":"page","link":"https:\/\/monterosa.pt\/fr\/politica-de-cookies\/","title":{"rendered":"Politica de cookies"},"content":{"rendered":"\t\t<div data-elementor-type=\"wp-page\" data-elementor-id=\"1507\" class=\"elementor elementor-1507 elementor-278\" data-elementor-post-type=\"page\">\n\t\t\t\t\t\t<section class=\"elementor-section elementor-top-section elementor-element elementor-element-b4590d1 elementor-section-height-min-height elementor-section-boxed elementor-section-height-default elementor-section-items-middle\" data-id=\"b4590d1\" data-element_type=\"section\" data-settings=\"{&quot;background_background&quot;:&quot;classic&quot;}\">\n\t\t\t\t\t\t<div class=\"elementor-container elementor-column-gap-default\">\n\t\t\t\t\t<div class=\"elementor-column elementor-col-100 elementor-top-column elementor-element elementor-element-9ee1314\" data-id=\"9ee1314\" data-element_type=\"column\">\n\t\t\t<div class=\"elementor-widget-wrap elementor-element-populated\">\n\t\t\t\t\t\t<div class=\"elementor-element elementor-element-608200a elementor-widget elementor-widget-heading\" data-id=\"608200a\" data-element_type=\"widget\" data-widget_type=\"heading.default\">\n\t\t\t\t<div class=\"elementor-widget-container\">\n\t\t\t<style>\/*! elementor - v3.19.0 - 07-02-2024 *\/\n.elementor-heading-title{padding:0;margin:0;line-height:1}.elementor-widget-heading .elementor-heading-title[class*=elementor-size-]>a{color:inherit;font-size:inherit;line-height:inherit}.elementor-widget-heading .elementor-heading-title.elementor-size-small{font-size:15px}.elementor-widget-heading .elementor-heading-title.elementor-size-medium{font-size:19px}.elementor-widget-heading .elementor-heading-title.elementor-size-large{font-size:29px}.elementor-widget-heading .elementor-heading-title.elementor-size-xl{font-size:39px}.elementor-widget-heading .elementor-heading-title.elementor-size-xxl{font-size:59px}<\/style><h2 class=\"elementor-heading-title elementor-size-default\">Politique de cookies<\/h2>\t\t<\/div>\n\t\t\t\t<\/div>\n\t\t\t\t\t<\/div>\n\t\t<\/div>\n\t\t\t\t\t<\/div>\n\t\t<\/section>\n\t\t\t\t<section class=\"elementor-section elementor-top-section elementor-element elementor-element-628b20d elementor-section-boxed elementor-section-height-default elementor-section-height-default\" data-id=\"628b20d\" data-element_type=\"section\">\n\t\t\t\t\t\t<div class=\"elementor-container elementor-column-gap-default\">\n\t\t\t\t\t<div class=\"elementor-column elementor-col-100 elementor-top-column elementor-element elementor-element-048f34a\" data-id=\"048f34a\" data-element_type=\"column\">\n\t\t\t<div class=\"elementor-widget-wrap elementor-element-populated\">\n\t\t\t\t\t\t<div class=\"elementor-element elementor-element-37d35b9 elementor-widget elementor-widget-text-editor\" data-id=\"37d35b9\" data-element_type=\"widget\" data-widget_type=\"text-editor.default\">\n\t\t\t\t<div class=\"elementor-widget-container\">\n\t\t\t<style>\/*! elementor - v3.19.0 - 07-02-2024 *\/\n.elementor-widget-text-editor.elementor-drop-cap-view-stacked .elementor-drop-cap{background-color:#69727d;color:#fff}.elementor-widget-text-editor.elementor-drop-cap-view-framed .elementor-drop-cap{color:#69727d;border:3px solid;background-color:transparent}.elementor-widget-text-editor:not(.elementor-drop-cap-view-default) .elementor-drop-cap{margin-top:8px}.elementor-widget-text-editor:not(.elementor-drop-cap-view-default) .elementor-drop-cap-letter{width:1em;height:1em}.elementor-widget-text-editor .elementor-drop-cap{float:left;text-align:center;line-height:1;font-size:50px}.elementor-widget-text-editor .elementor-drop-cap-letter{display:inline-block}<\/style>\t\t\t\t<div class=\"conteneur\"><div class=\"ligne\"><div class=\"col-xs-12\"><p><strong>1. Introduction<\/strong><\/p><p>Cette politique en mati\u00e8re de cookies vise \u00e0 expliquer de mani\u00e8re transparente et sp\u00e9cifique comment nous utilisons les informations personnelles que nous collectons via votre utilisation de notre site Web. C\u2019est dans cet esprit que cette Politique en mati\u00e8re de Cookies d\u00e9taille comment, quand et pourquoi nous utilisons les Cookies sur notre Plateforme.<\/p><p>Ce site Web utilise des cookies, non seulement pour garantir que nous offrons une exp\u00e9rience unique et personnalis\u00e9e, mais \u00e9galement pour partager des donn\u00e9es agr\u00e9g\u00e9es avec nos partenaires technologiques qui nous permettent d&rsquo;am\u00e9liorer, de mani\u00e8re continue et int\u00e9gr\u00e9e, notre site Web et votre exp\u00e9rience de navigation.<\/p><p>En continuant \u00e0 explorer le site Web de Viveiros Monterosa (\u00e0 l&rsquo;adresse <a style=\"color: #867f45;\" href=\"http:\/\/www.monterosa.pt\/pt\/politica-de-cookies\/\">www.monterosa.pt &lt; \/a&gt;) acceptez express\u00e9ment notre politique en mati\u00e8re de cookies.<\/a><\/p><p><strong>2. Que sont les cookies ?<\/strong><\/p><p>Les cookies sont des fichiers qui contiennent de petits fragments d&rsquo;informations qui sont stock\u00e9s et t\u00e9l\u00e9charg\u00e9s sur votre appareil chaque fois que vous visitez un site Web (et qui ont g\u00e9n\u00e9ralement un identifiant unique), donc, dans le cas de Viveiros Monterosa, ils seront utilis\u00e9s chaque fois que vous visitez la page. <a style=\"couleur: #867f45;\" href=\"http:\/\/www.monterosa.pt\/pt\/politica-de-cookies\/\">www.monterosa.pt<\/a> (ci-apr\u00e8s \u00ab Site Web \u00bb).<\/p><p>Certains Cookies ne seront d\u00e9clench\u00e9s que si certaines fonctionnalit\u00e9s sont utilis\u00e9es, tandis que Viveiros Monterosa pourra utiliser d&rsquo;autres Cookies qui seront toujours g\u00e9n\u00e9r\u00e9s et utilis\u00e9s. En outre, Viveiros Monterosa et d&rsquo;autres prestataires de services externes peuvent stocker des cookies permanents, qui sont stock\u00e9s au niveau du navigateur sur votre \u00e9quipement d&rsquo;acc\u00e8s et qui sont utilis\u00e9s chaque fois que vous effectuez une nouvelle visite sur le site Web (et tant qu&rsquo;ils sont d\u00e9finis comme n\u00e9cessaires au bon fonctionnement du site). bonne utilisation de la Plateforme), ainsi qu&rsquo;\u00e0 l&rsquo;utilisation de Cookies de session temporaires qui restent dans le fichier Cookies de votre navigateur jusqu&rsquo;\u00e0 ce que vous quittiez le Site.<\/p><p>Vous pouvez en savoir plus sur les cookies que nous utilisons dans la liste ci-dessous. Viveiros Monterosa s&rsquo;engage \u00e0 mettre \u00e0 jour cette liste, de sorte qu&rsquo;elle ne refl\u00e8te pas \u00e0 tout moment les cookies r\u00e9ellement utilis\u00e9s.<\/p><p>Nous pouvons \u00e9galement utiliser des balises Web, des balises ou des scripts sur notre site Web ou dans les e-mails envoy\u00e9s par Viveiros Monterosa, afin de mieux comprendre les mod\u00e8les d&rsquo;utilisation de notre Plateforme.<\/p><p>Pour plus d&rsquo;informations sur les Cookies, vous pouvez consulter deux plateformes qui fournissent des informations plus d\u00e9taill\u00e9es sur les Cookies et qui n&rsquo;entretiennent aucun type de relation commerciale ou juridique avec Viveiros Monterosa : <a style=\"color: #867f45;\" href=\"http:\/\/www.allaboutCookies.org\">http:\/\/www.allaboutCookies.org<\/a> ou <a style=\"color: #867f45;\" href=\"https:\/\/www.aboutCookies.org\">https:\/\/www.aboutCookies.org<\/a>.<\/p><p><strong>3. Pourquoi utiliser des cookies ?<\/strong><\/p><p>L&rsquo;utilisation de cookies est pratiquement universelle sur tous les sites Web, ne nuisant en aucune fa\u00e7on aux appareils (ordinateurs, tablettes, t\u00e9l\u00e9phones mobiles) sur lesquels ils sont stock\u00e9s et permettant une meilleure exp\u00e9rience d&rsquo;utilisation des plateformes elles-m\u00eames, tant en termes de performances qu&rsquo;en termes de de navigation, puisque le contenu disponible sera davantage orient\u00e9 vers les besoins et attentes r\u00e9els des Utilisateurs.<\/p><p>Les cookies permettent donc au site Web de m\u00e9moriser des informations sur votre visite, telles que votre langue pr\u00e9f\u00e9r\u00e9e, votre localisation, la r\u00e9currence de vos sessions et d&rsquo;autres variables que nous consid\u00e9rons pertinentes pour rendre votre exp\u00e9rience de recherche beaucoup plus confortable et efficace.<\/p><p><strong>4. Cookies utilis\u00e9s<\/strong><\/p><p>Viveiros Monterosa d\u00e9taille ci-dessous les informations concernant les Cookies utilis\u00e9s sur notre Site Web, ainsi que l&rsquo;identification des entit\u00e9s partenaires autoris\u00e9es \u00e0 placer des Cookies sur notre Plateforme (en expliquant, individuellement, la valeur ajout\u00e9e de l&rsquo;inclusion de ces partenaires sur notre Plateforme).<\/p><p>Le site Internet de Viveiros Monterosa, ou les courriers \u00e9lectroniques envoy\u00e9s par Viveiros Monterosa, peuvent contenir des liens hypertextes vers d&rsquo;autres sites Internet ou applications, y compris ceux de nos partenaires. Si vous acc\u00e9dez \u00e0 l&rsquo;un de ces hyperliens ou applications, veuillez garder \u00e0 l&rsquo;esprit que les politiques de cookies respectives rel\u00e8vent de la seule responsabilit\u00e9 des entit\u00e9s qui les g\u00e8rent. Pour cette raison, lisez les politiques en mati\u00e8re de cookies d\u2019autres plateformes ou applications avant de les utiliser.<\/p><p>Viveiros Monterosa utilise ces cookies pour les raisons suivantes :<\/p><p>Nom du cookie \/\u00a0Fournisseur \/\u00a0Raison de l&rsquo;utilisation \/\u00a0Expiration du cookie \/\u00a0Type de cookie<\/p><p>_ga \/\u00a0monterosa.pt \/ Enregistrement d&rsquo;un identifiant unique qui analyse l&rsquo;acc\u00e8s des utilisateurs au site Web \u00e0 des fins statistiques \/ 2 (deux) ans \/\u00a0HTTP<\/p><p>_gat \/\u00a0monterosa.pt \/\u00a0Utilis\u00e9 par Google Analytics pour acc\u00e9l\u00e9rer le taux de commande \/\u00a01 (un) jour \/\u00a0HTTP<\/p><p>_gid \/\u00a0monterosa.pt \/\u00a0Enregistrement d&rsquo;un identifiant unique<\/p><\/div><\/div><\/div>\t\t\t\t\t\t<\/div>\n\t\t\t\t<\/div>\n\t\t\t\t\t<\/div>\n\t\t<\/div>\n\t\t\t\t\t<\/div>\n\t\t<\/section>\n\t\t\t\t<\/div>\n\t\t","protected":false},"excerpt":{"rendered":"<p>Politique de cookies 1. Introduction Cette politique en mati\u00e8re de cookies vise \u00e0 expliquer de mani\u00e8re transparente et sp\u00e9cifique comment nous utilisons les informations personnelles que nous collectons via votre utilisation de notre site Web. C\u2019est dans cet esprit que cette Politique en mati\u00e8re de Cookies d\u00e9taille comment, quand et pourquoi nous utilisons les Cookies &#8230; <a title=\"Politica de cookies\" class=\"read-more\" href=\"https:\/\/monterosa.pt\/fr\/politica-de-cookies\/\" aria-label=\"En savoir plus sur Politica de cookies\">Lire la suite<\/a><\/p>\n","protected":false},"author":42,"featured_media":0,"parent":0,"menu_order":0,"comment_status":"closed","ping_status":"closed","template":"elementor_header_footer","meta":{"footnotes":""},"class_list":["post-1507","page","type-page","status-publish"],"_links":{"self":[{"href":"https:\/\/monterosa.pt\/fr\/wp-json\/wp\/v2\/pages\/1507","targetHints":{"allow":["GET"]}}],"collection":[{"href":"https:\/\/monterosa.pt\/fr\/wp-json\/wp\/v2\/pages"}],"about":[{"href":"https:\/\/monterosa.pt\/fr\/wp-json\/wp\/v2\/types\/page"}],"author":[{"embeddable":true,"href":"https:\/\/monterosa.pt\/fr\/wp-json\/wp\/v2\/users\/42"}],"replies":[{"embeddable":true,"href":"https:\/\/monterosa.pt\/fr\/wp-json\/wp\/v2\/comments?post=1507"}],"version-history":[{"count":5,"href":"https:\/\/monterosa.pt\/fr\/wp-json\/wp\/v2\/pages\/1507\/revisions"}],"predecessor-version":[{"id":1515,"href":"https:\/\/monterosa.pt\/fr\/wp-json\/wp\/v2\/pages\/1507\/revisions\/1515"}],"wp:attachment":[{"href":"https:\/\/monterosa.pt\/fr\/wp-json\/wp\/v2\/media?parent=1507"}],"curies":[{"name":"wp","href":"https:\/\/api.w.org\/{rel}","templated":true}]}}